{"id":997,"date":"2023-05-19T10:13:30","date_gmt":"2023-05-19T10:13:30","guid":{"rendered":"https:\/\/www.solfesa.es\/solfesa\/"},"modified":"2024-07-25T14:42:54","modified_gmt":"2024-07-25T14:42:54","slug":"solfesa","status":"publish","type":"page","link":"https:\/\/www.solfesa.es\/ca\/solfesa\/","title":{"rendered":"Solfesa"},"content":{"rendered":"\t\t<div data-elementor-type=\"wp-page\" data-elementor-id=\"997\" class=\"elementor elementor-997 elementor-471\" data-elementor-post-type=\"page\">\n\t\t\t\t\t\t<section class=\"elementor-section elementor-top-section elementor-element elementor-element-636f4e90 elementor-section-boxed elementor-section-height-default elementor-section-height-default\" data-id=\"636f4e90\" data-element_type=\"section\" data-e-type=\"section\" data-settings=\"{&quot;background_background&quot;:&quot;classic&quot;}\">\n\t\t\t\t\t\t\t<div class=\"elementor-background-overlay\"><\/div>\n\t\t\t\t\t\t\t<div class=\"elementor-container elementor-column-gap-default\">\n\t\t\t\t\t<div class=\"elementor-column elementor-col-100 elementor-top-column elementor-element elementor-element-2e8cecc elementor-invisible\" data-id=\"2e8cecc\" data-element_type=\"column\" data-e-type=\"column\" data-settings=\"{&quot;animation&quot;:&quot;fadeInLeft&quot;}\">\n\t\t\t<div class=\"elementor-widget-wrap elementor-element-populated\">\n\t\t\t\t\t\t<div class=\"elementor-element elementor-element-cf55400 elementor-widget elementor-widget-heading\" data-id=\"cf55400\" data-element_type=\"widget\" data-e-type=\"widget\" data-widget_type=\"heading.default\">\n\t\t\t\t<div class=\"elementor-widget-container\">\n\t\t\t\t\t<h6 class=\"elementor-heading-title elementor-size-default\">Nosaltres<\/h6>\t\t\t\t<\/div>\n\t\t\t\t<\/div>\n\t\t\t\t<div class=\"elementor-element elementor-element-db23cec elementor-widget-mobile__width-initial elementor-widget elementor-widget-heading\" data-id=\"db23cec\" data-element_type=\"widget\" data-e-type=\"widget\" data-widget_type=\"heading.default\">\n\t\t\t\t<div class=\"elementor-widget-container\">\n\t\t\t\t\t<h1 class=\"elementor-heading-title elementor-size-default\">L'art de crear experi\u00e8ncies \u00faniques <\/h1>\t\t\t\t<\/div>\n\t\t\t\t<\/div>\n\t\t\t\t\t<\/div>\n\t\t<\/div>\n\t\t\t\t\t<\/div>\n\t\t<\/section>\n\t\t\t\t<section class=\"elementor-section elementor-top-section elementor-element elementor-element-283cc5a elementor-section-boxed elementor-section-height-default elementor-section-height-default elementor-invisible\" data-id=\"283cc5a\" data-element_type=\"section\" data-e-type=\"section\" data-settings=\"{&quot;background_background&quot;:&quot;classic&quot;,&quot;animation&quot;:&quot;fadeIn&quot;}\">\n\t\t\t\t\t\t<div class=\"elementor-container elementor-column-gap-default\">\n\t\t\t\t\t<div class=\"elementor-column elementor-col-50 elementor-top-column elementor-element elementor-element-322d41e\" data-id=\"322d41e\" data-element_type=\"column\" data-e-type=\"column\">\n\t\t\t<div class=\"elementor-widget-wrap elementor-element-populated\">\n\t\t\t\t\t\t<div class=\"elementor-element elementor-element-2421a52 elementor-widget elementor-widget-heading\" data-id=\"2421a52\" data-element_type=\"widget\" data-e-type=\"widget\" data-widget_type=\"heading.default\">\n\t\t\t\t<div class=\"elementor-widget-container\">\n\t\t\t\t\t<h2 class=\"elementor-heading-title elementor-size-default\">A Solfesa, portem m\u00e9s de 40 anys no sols organitzant i produint esdeveniments, sin\u00f3 tamb\u00e9 fent-los inoblidables.<\/h2>\t\t\t\t<\/div>\n\t\t\t\t<\/div>\n\t\t\t\t<div class=\"elementor-element elementor-element-eebaa78 elementor-widget elementor-widget-text-editor\" data-id=\"eebaa78\" data-element_type=\"widget\" data-e-type=\"widget\" data-widget_type=\"text-editor.default\">\n\t\t\t\t<div class=\"elementor-widget-container\">\n\t\t\t\t\t\t\t\t\t<p class=\"p1\"><span class=\"s1\">Elaborem el disseny de producci\u00f3 t\u00e8cnica i art\u00edstica des de zero i oferim un servei global ja que disposem de tota mena d&#8217;infraestructures, equips audiovisuals i personal t\u00e8cnic amb \u00e0mplia experi\u00e8ncia.<\/span><\/p> Ens encanta crear projectes innovadors i creatius. Elaborem l&#8217;storytelling del teu esdeveniment i dissenyem l&#8217;atmosfera adequada per emocionar els assistents.<span class=\"Apple-converted-space\"> <\/span>\n\t\t\t\t\t\t\t\t<\/div>\n\t\t\t\t<\/div>\n\t\t\t\t\t<\/div>\n\t\t<\/div>\n\t\t\t\t<div class=\"elementor-column elementor-col-50 elementor-top-column elementor-element elementor-element-af900e3\" data-id=\"af900e3\" data-element_type=\"column\" data-e-type=\"column\">\n\t\t\t<div class=\"elementor-widget-wrap elementor-element-populated\">\n\t\t\t\t\t\t<div class=\"elementor-element elementor-element-905e599 elementor-widget elementor-widget-text-editor\" data-id=\"905e599\" data-element_type=\"widget\" data-e-type=\"widget\" data-widget_type=\"text-editor.default\">\n\t\t\t\t<div class=\"elementor-widget-container\">\n\t\t\t\t\t\t\t\t\t<p class=\"p1\"><span class=\"s1\">Per la nostra experi\u00e8ncia i professionalitat, som prove\u00efdors recomanats als recintes m\u00e9s emblem\u00e0tics de Barcelona, a m\u00e9s de tenir com a clients les principals ag\u00e8ncies de turisme receptiu del territori nacional, com les DMC i les MICE. <\/span><\/p>\n<p class=\"p1\"><span class=\"s1\">Som membres de Barcelona Turisme Convention Bureau i APAC (Associaci\u00f3 de Professionals de l&#8217;Audiovisual Catal\u00e0). <\/span><\/p>\n\t\t\t\t\t\t\t\t<\/div>\n\t\t\t\t<\/div>\n\t\t\t\t\t<\/div>\n\t\t<\/div>\n\t\t\t\t\t<\/div>\n\t\t<\/section>\n\t\t\t\t<section class=\"elementor-section elementor-top-section elementor-element elementor-element-12709b2 elementor-section-boxed elementor-section-height-default elementor-section-height-default\" data-id=\"12709b2\" data-element_type=\"section\" data-e-type=\"section\">\n\t\t\t\t\t\t<div class=\"elementor-container elementor-column-gap-default\">\n\t\t\t\t\t<div class=\"elementor-column elementor-col-50 elementor-top-column elementor-element elementor-element-d975135 elementor-invisible\" data-id=\"d975135\" data-element_type=\"column\" data-e-type=\"column\" data-settings=\"{&quot;animation&quot;:&quot;fadeIn&quot;}\">\n\t\t\t<div class=\"elementor-widget-wrap elementor-element-populated\">\n\t\t\t\t\t\t<div class=\"elementor-element elementor-element-eefe094 elementor-widget elementor-widget-heading\" data-id=\"eefe094\" data-element_type=\"widget\" data-e-type=\"widget\" data-widget_type=\"heading.default\">\n\t\t\t\t<div class=\"elementor-widget-container\">\n\t\t\t\t\t<h6 class=\"elementor-heading-title elementor-size-default\">Equip hum\u00e0 <\/h6>\t\t\t\t<\/div>\n\t\t\t\t<\/div>\n\t\t\t\t<div class=\"elementor-element elementor-element-63b8297 elementor-widget elementor-widget-heading\" data-id=\"63b8297\" data-element_type=\"widget\" data-e-type=\"widget\" data-widget_type=\"heading.default\">\n\t\t\t\t<div class=\"elementor-widget-container\">\n\t\t\t\t\t<h2 class=\"elementor-heading-title elementor-size-default\">El teu esdeveniment a mans d'experts <\/h2>\t\t\t\t<\/div>\n\t\t\t\t<\/div>\n\t\t\t\t<div class=\"elementor-element elementor-element-4951ff0 elementor-widget elementor-widget-text-editor\" data-id=\"4951ff0\" data-element_type=\"widget\" data-e-type=\"widget\" data-widget_type=\"text-editor.default\">\n\t\t\t\t<div class=\"elementor-widget-container\">\n\t\t\t\t\t\t\t\t\t<p class=\"p1\"><span class=\"s1\">El nostre equip \u00e9s la clau del nostre \u00e8xit. El formen professionals altament capacitats i amb \u00e0mplia experi\u00e8ncia.<\/span><\/p>\n<p class=\"p1\"><span class=\"s1\">Som persones creatives, apassionades, sense per innovar i fortament comprometes amb la satisfacci\u00f3 del client. <\/span><\/p>\n<p class=\"p1\"><span class=\"s1\">Responem de forma r\u00e0pida i efica\u00e7 a les exig\u00e8ncies de cada projecte, assessorant i aportant tot el nostre know-how per assolir resultats \u00f2ptims. <\/span><\/p>\n\t\t\t\t\t\t\t\t<\/div>\n\t\t\t\t<\/div>\n\t\t\t\t\t<\/div>\n\t\t<\/div>\n\t\t\t\t<div class=\"elementor-column elementor-col-50 elementor-top-column elementor-element elementor-element-cc113f8 elementor-invisible\" data-id=\"cc113f8\" data-element_type=\"column\" data-e-type=\"column\" data-settings=\"{&quot;animation&quot;:&quot;fadeInRight&quot;}\">\n\t\t\t<div class=\"elementor-widget-wrap elementor-element-populated\">\n\t\t\t\t\t\t<div class=\"elementor-element elementor-element-ae86713 elementor-widget elementor-widget-image\" data-id=\"ae86713\" data-element_type=\"widget\" data-e-type=\"widget\" data-widget_type=\"image.default\">\n\t\t\t\t<div class=\"elementor-widget-container\">\n\t\t\t\t\t\t\t\t\t\t\t\t\t\t\t<img fetchpriority=\"high\" decoding=\"async\" width=\"1024\" height=\"682\" src=\"https:\/\/www.solfesa.es\/wp-content\/uploads\/2023\/06\/DinnerinCavasCodorniu-130-1024x682.jpg\" class=\"attachment-large size-large wp-image-1067\" alt=\"\" srcset=\"https:\/\/www.solfesa.es\/wp-content\/uploads\/2023\/06\/DinnerinCavasCodorniu-130-1024x682.jpg 1024w, https:\/\/www.solfesa.es\/wp-content\/uploads\/2023\/06\/DinnerinCavasCodorniu-130-300x200.jpg 300w, https:\/\/www.solfesa.es\/wp-content\/uploads\/2023\/06\/DinnerinCavasCodorniu-130-768x512.jpg 768w, https:\/\/www.solfesa.es\/wp-content\/uploads\/2023\/06\/DinnerinCavasCodorniu-130-1536x1024.jpg 1536w, https:\/\/www.solfesa.es\/wp-content\/uploads\/2023\/06\/DinnerinCavasCodorniu-130.jpg 2000w\" sizes=\"(max-width: 1024px) 100vw, 1024px\" \/>\t\t\t\t\t\t\t\t\t\t\t\t\t\t\t<\/div>\n\t\t\t\t<\/div>\n\t\t\t\t\t<\/div>\n\t\t<\/div>\n\t\t\t\t\t<\/div>\n\t\t<\/section>\n\t\t\t\t<section class=\"elementor-section elementor-top-section elementor-element elementor-element-0d407b5 elementor-section-boxed elementor-section-height-default elementor-section-height-default\" data-id=\"0d407b5\" data-element_type=\"section\" data-e-type=\"section\">\n\t\t\t\t\t\t<div class=\"elementor-container elementor-column-gap-default\">\n\t\t\t\t\t<div class=\"elementor-column elementor-col-100 elementor-top-column elementor-element elementor-element-ef701ff elementor-invisible\" data-id=\"ef701ff\" data-element_type=\"column\" data-e-type=\"column\" data-settings=\"{&quot;animation&quot;:&quot;fadeIn&quot;}\">\n\t\t\t<div class=\"elementor-widget-wrap elementor-element-populated\">\n\t\t\t\t\t\t<div class=\"elementor-element elementor-element-5c4e3c0 elementor-hidden-mobile elementor-align-center elementor-widget elementor-widget-button\" data-id=\"5c4e3c0\" data-element_type=\"widget\" data-e-type=\"widget\" data-widget_type=\"button.default\">\n\t\t\t\t<div class=\"elementor-widget-container\">\n\t\t\t\t\t\t\t\t\t<div class=\"elementor-button-wrapper\">\n\t\t\t\t\t<a class=\"elementor-button elementor-button-link elementor-size-sm elementor-animation-bob\" href=\"https:\/\/www.solfesa.es\/ca\/contacte-solfesa-posat-en-contacte-amb-nosaltres\/\">\n\t\t\t\t\t\t<span class=\"elementor-button-content-wrapper\">\n\t\t\t\t\t\t\t\t\t<span class=\"elementor-button-text\">Sol\u00b7licita informaci\u00f3!<\/span>\n\t\t\t\t\t<\/span>\n\t\t\t\t\t<\/a>\n\t\t\t\t<\/div>\n\t\t\t\t\t\t\t\t<\/div>\n\t\t\t\t<\/div>\n\t\t\t\t\t<\/div>\n\t\t<\/div>\n\t\t\t\t\t<\/div>\n\t\t<\/section>\n\t\t\t\t<\/div>\n\t\t","protected":false},"excerpt":{"rendered":"<p>Nosaltres L&#8217;art de crear experi\u00e8ncies \u00faniques A Solfesa, portem m\u00e9s de 40 anys no sols organitzant i produint esdeveniments, sin\u00f3 tamb\u00e9 fent-los inoblidables. Elaborem el disseny de producci\u00f3 t\u00e8cnica i art\u00edstica des de zero i oferim un servei global ja que disposem de tota mena d&#8217;infraestructures, equips audiovisuals i personal t\u00e8cnic amb \u00e0mplia experi\u00e8ncia. Ens [&hellip;]<\/p>\n","protected":false},"author":1,"featured_media":0,"parent":0,"menu_order":0,"comment_status":"closed","ping_status":"closed","template":"elementor_header_footer","meta":{"_eb_attr":"","site-sidebar-layout":"no-sidebar","site-content-layout":"page-builder","ast-site-content-layout":"full-width-container","site-content-style":"unboxed","site-sidebar-style":"unboxed","ast-global-header-display":"","ast-banner-title-visibility":"","ast-main-header-display":"","ast-hfb-above-header-display":"","ast-hfb-below-header-display":"","ast-hfb-mobile-header-display":"","site-post-title":"disabled","ast-breadcrumbs-content":"","ast-featured-img":"disabled","footer-sml-layout":"","theme-transparent-header-meta":"","adv-header-id-meta":"","stick-header-meta":"","header-above-stick-meta":"","header-main-stick-meta":"","header-below-stick-meta":"","astra-migrate-meta-layouts":"default","ast-page-background-enabled":"default","ast-page-background-meta":{"desktop":{"background-color":"var(--ast-global-color-4)","background-image":"","background-repeat":"repeat","background-position":"center center","background-size":"auto","background-attachment":"scroll","background-type":"","background-media":"","overlay-type":"","overlay-color":"","overlay-opacity":"","overlay-gradient":""},"tablet":{"background-color":"","background-image":"","background-repeat":"repeat","background-position":"center center","background-size":"auto","background-attachment":"scroll","background-type":"","background-media":"","overlay-type":"","overlay-color":"","overlay-opacity":"","overlay-gradient":""},"mobile":{"background-color":"","background-image":"","background-repeat":"repeat","background-position":"center center","background-size":"auto","background-attachment":"scroll","background-type":"","background-media":"","overlay-type":"","overlay-color":"","overlay-opacity":"","overlay-gradient":""}},"ast-content-background-meta":{"desktop":{"background-color":"var(--ast-global-color-5)","background-image":"","background-repeat":"repeat","background-position":"center center","background-size":"auto","background-attachment":"scroll","background-type":"","background-media":"","overlay-type":"","overlay-color":"","overlay-opacity":"","overlay-gradient":""},"tablet":{"background-color":"var(--ast-global-color-5)","background-image":"","background-repeat":"repeat","background-position":"center center","background-size":"auto","background-attachment":"scroll","background-type":"","background-media":"","overlay-type":"","overlay-color":"","overlay-opacity":"","overlay-gradient":""},"mobile":{"background-color":"var(--ast-global-color-5)","background-image":"","background-repeat":"repeat","background-position":"center center","background-size":"auto","background-attachment":"scroll","background-type":"","background-media":"","overlay-type":"","overlay-color":"","overlay-opacity":"","overlay-gradient":""}},"footnotes":""},"class_list":["post-997","page","type-page","status-publish","hentry"],"yoast_head":"<!-- This site is optimized with the Yoast SEO plugin v27.3 - https:\/\/yoast.com\/product\/yoast-seo-wordpress\/ -->\n<title>Serveis de producci\u00f3 audiovisual integral per a esdeveniments<\/title>\n<meta name=\"description\" content=\"A SOLFESA, la teva visi\u00f3 \u00e9s la nostra missi\u00f3. Portem els teus esdeveniments al seg\u00fcent nivell amb una producci\u00f3 audiovisual integral a Barcelona.\" \/>\n<meta name=\"robots\" content=\"index, follow, max-snippet:-1, max-image-preview:large, max-video-preview:-1\" \/>\n<link rel=\"canonical\" href=\"https:\/\/www.solfesa.es\/ca\/solfesa\/\" \/>\n<meta property=\"og:locale\" content=\"ca_ES\" \/>\n<meta property=\"og:type\" content=\"article\" \/>\n<meta property=\"og:title\" content=\"Serveis de producci\u00f3 audiovisual integral per a esdeveniments\" \/>\n<meta property=\"og:description\" content=\"A SOLFESA, la teva visi\u00f3 \u00e9s la nostra missi\u00f3. Portem els teus esdeveniments al seg\u00fcent nivell amb una producci\u00f3 audiovisual integral a Barcelona.\" \/>\n<meta property=\"og:url\" content=\"https:\/\/www.solfesa.es\/ca\/solfesa\/\" \/>\n<meta property=\"og:site_name\" content=\"Solfesa\" \/>\n<meta property=\"article:modified_time\" content=\"2024-07-25T14:42:54+00:00\" \/>\n<meta property=\"og:image\" content=\"https:\/\/www.solfesa.es\/wp-content\/uploads\/2023\/06\/DinnerinCavasCodorniu-130-1024x682.jpg\" \/>\n<meta name=\"twitter:card\" content=\"summary_large_image\" \/>\n<meta name=\"twitter:label1\" content=\"Temps estimat de lectura\" \/>\n\t<meta name=\"twitter:data1\" content=\"2 minuts\" \/>\n<script type=\"application\/ld+json\" class=\"yoast-schema-graph\">{\"@context\":\"https:\\\/\\\/schema.org\",\"@graph\":[{\"@type\":\"WebPage\",\"@id\":\"https:\\\/\\\/www.solfesa.es\\\/ca\\\/solfesa\\\/\",\"url\":\"https:\\\/\\\/www.solfesa.es\\\/ca\\\/solfesa\\\/\",\"name\":\"Serveis de producci\u00f3 audiovisual integral per a esdeveniments\",\"isPartOf\":{\"@id\":\"https:\\\/\\\/www.solfesa.es\\\/#website\"},\"primaryImageOfPage\":{\"@id\":\"https:\\\/\\\/www.solfesa.es\\\/ca\\\/solfesa\\\/#primaryimage\"},\"image\":{\"@id\":\"https:\\\/\\\/www.solfesa.es\\\/ca\\\/solfesa\\\/#primaryimage\"},\"thumbnailUrl\":\"https:\\\/\\\/www.solfesa.es\\\/wp-content\\\/uploads\\\/2023\\\/06\\\/DinnerinCavasCodorniu-130-1024x682.jpg\",\"datePublished\":\"2023-05-19T10:13:30+00:00\",\"dateModified\":\"2024-07-25T14:42:54+00:00\",\"description\":\"A SOLFESA, la teva visi\u00f3 \u00e9s la nostra missi\u00f3. Portem els teus esdeveniments al seg\u00fcent nivell amb una producci\u00f3 audiovisual integral a Barcelona.\",\"breadcrumb\":{\"@id\":\"https:\\\/\\\/www.solfesa.es\\\/ca\\\/solfesa\\\/#breadcrumb\"},\"inLanguage\":\"ca\",\"potentialAction\":[{\"@type\":\"ReadAction\",\"target\":[\"https:\\\/\\\/www.solfesa.es\\\/ca\\\/solfesa\\\/\"]}]},{\"@type\":\"ImageObject\",\"inLanguage\":\"ca\",\"@id\":\"https:\\\/\\\/www.solfesa.es\\\/ca\\\/solfesa\\\/#primaryimage\",\"url\":\"https:\\\/\\\/www.solfesa.es\\\/wp-content\\\/uploads\\\/2023\\\/06\\\/DinnerinCavasCodorniu-130-1024x682.jpg\",\"contentUrl\":\"https:\\\/\\\/www.solfesa.es\\\/wp-content\\\/uploads\\\/2023\\\/06\\\/DinnerinCavasCodorniu-130-1024x682.jpg\"},{\"@type\":\"BreadcrumbList\",\"@id\":\"https:\\\/\\\/www.solfesa.es\\\/ca\\\/solfesa\\\/#breadcrumb\",\"itemListElement\":[{\"@type\":\"ListItem\",\"position\":1,\"name\":\"Portada\",\"item\":\"https:\\\/\\\/www.solfesa.es\\\/ca\\\/inici\\\/\"},{\"@type\":\"ListItem\",\"position\":2,\"name\":\"Solfesa\"}]},{\"@type\":\"WebSite\",\"@id\":\"https:\\\/\\\/www.solfesa.es\\\/#website\",\"url\":\"https:\\\/\\\/www.solfesa.es\\\/\",\"name\":\"Solfesa\",\"description\":\"Solfesa\",\"publisher\":{\"@id\":\"https:\\\/\\\/www.solfesa.es\\\/#organization\"},\"potentialAction\":[{\"@type\":\"SearchAction\",\"target\":{\"@type\":\"EntryPoint\",\"urlTemplate\":\"https:\\\/\\\/www.solfesa.es\\\/?s={search_term_string}\"},\"query-input\":{\"@type\":\"PropertyValueSpecification\",\"valueRequired\":true,\"valueName\":\"search_term_string\"}}],\"inLanguage\":\"ca\"},{\"@type\":\"Organization\",\"@id\":\"https:\\\/\\\/www.solfesa.es\\\/#organization\",\"name\":\"Solfesa\",\"url\":\"https:\\\/\\\/www.solfesa.es\\\/\",\"logo\":{\"@type\":\"ImageObject\",\"inLanguage\":\"ca\",\"@id\":\"https:\\\/\\\/www.solfesa.es\\\/#\\\/schema\\\/logo\\\/image\\\/\",\"url\":\"https:\\\/\\\/www.solfesa.es\\\/wp-content\\\/uploads\\\/2023\\\/03\\\/cropped-logotip@2x-200x63-1-1.png\",\"contentUrl\":\"https:\\\/\\\/www.solfesa.es\\\/wp-content\\\/uploads\\\/2023\\\/03\\\/cropped-logotip@2x-200x63-1-1.png\",\"width\":200,\"height\":63,\"caption\":\"Solfesa\"},\"image\":{\"@id\":\"https:\\\/\\\/www.solfesa.es\\\/#\\\/schema\\\/logo\\\/image\\\/\"}}]}<\/script>\n<!-- \/ Yoast SEO plugin. -->","yoast_head_json":{"title":"Serveis de producci\u00f3 audiovisual integral per a esdeveniments","description":"A SOLFESA, la teva visi\u00f3 \u00e9s la nostra missi\u00f3. Portem els teus esdeveniments al seg\u00fcent nivell amb una producci\u00f3 audiovisual integral a Barcelona.","robots":{"index":"index","follow":"follow","max-snippet":"max-snippet:-1","max-image-preview":"max-image-preview:large","max-video-preview":"max-video-preview:-1"},"canonical":"https:\/\/www.solfesa.es\/ca\/solfesa\/","og_locale":"ca_ES","og_type":"article","og_title":"Serveis de producci\u00f3 audiovisual integral per a esdeveniments","og_description":"A SOLFESA, la teva visi\u00f3 \u00e9s la nostra missi\u00f3. Portem els teus esdeveniments al seg\u00fcent nivell amb una producci\u00f3 audiovisual integral a Barcelona.","og_url":"https:\/\/www.solfesa.es\/ca\/solfesa\/","og_site_name":"Solfesa","article_modified_time":"2024-07-25T14:42:54+00:00","og_image":[{"url":"https:\/\/www.solfesa.es\/wp-content\/uploads\/2023\/06\/DinnerinCavasCodorniu-130-1024x682.jpg","type":"","width":"","height":""}],"twitter_card":"summary_large_image","twitter_misc":{"Temps estimat de lectura":"2 minuts"},"schema":{"@context":"https:\/\/schema.org","@graph":[{"@type":"WebPage","@id":"https:\/\/www.solfesa.es\/ca\/solfesa\/","url":"https:\/\/www.solfesa.es\/ca\/solfesa\/","name":"Serveis de producci\u00f3 audiovisual integral per a esdeveniments","isPartOf":{"@id":"https:\/\/www.solfesa.es\/#website"},"primaryImageOfPage":{"@id":"https:\/\/www.solfesa.es\/ca\/solfesa\/#primaryimage"},"image":{"@id":"https:\/\/www.solfesa.es\/ca\/solfesa\/#primaryimage"},"thumbnailUrl":"https:\/\/www.solfesa.es\/wp-content\/uploads\/2023\/06\/DinnerinCavasCodorniu-130-1024x682.jpg","datePublished":"2023-05-19T10:13:30+00:00","dateModified":"2024-07-25T14:42:54+00:00","description":"A SOLFESA, la teva visi\u00f3 \u00e9s la nostra missi\u00f3. Portem els teus esdeveniments al seg\u00fcent nivell amb una producci\u00f3 audiovisual integral a Barcelona.","breadcrumb":{"@id":"https:\/\/www.solfesa.es\/ca\/solfesa\/#breadcrumb"},"inLanguage":"ca","potentialAction":[{"@type":"ReadAction","target":["https:\/\/www.solfesa.es\/ca\/solfesa\/"]}]},{"@type":"ImageObject","inLanguage":"ca","@id":"https:\/\/www.solfesa.es\/ca\/solfesa\/#primaryimage","url":"https:\/\/www.solfesa.es\/wp-content\/uploads\/2023\/06\/DinnerinCavasCodorniu-130-1024x682.jpg","contentUrl":"https:\/\/www.solfesa.es\/wp-content\/uploads\/2023\/06\/DinnerinCavasCodorniu-130-1024x682.jpg"},{"@type":"BreadcrumbList","@id":"https:\/\/www.solfesa.es\/ca\/solfesa\/#breadcrumb","itemListElement":[{"@type":"ListItem","position":1,"name":"Portada","item":"https:\/\/www.solfesa.es\/ca\/inici\/"},{"@type":"ListItem","position":2,"name":"Solfesa"}]},{"@type":"WebSite","@id":"https:\/\/www.solfesa.es\/#website","url":"https:\/\/www.solfesa.es\/","name":"Solfesa","description":"Solfesa","publisher":{"@id":"https:\/\/www.solfesa.es\/#organization"},"potentialAction":[{"@type":"SearchAction","target":{"@type":"EntryPoint","urlTemplate":"https:\/\/www.solfesa.es\/?s={search_term_string}"},"query-input":{"@type":"PropertyValueSpecification","valueRequired":true,"valueName":"search_term_string"}}],"inLanguage":"ca"},{"@type":"Organization","@id":"https:\/\/www.solfesa.es\/#organization","name":"Solfesa","url":"https:\/\/www.solfesa.es\/","logo":{"@type":"ImageObject","inLanguage":"ca","@id":"https:\/\/www.solfesa.es\/#\/schema\/logo\/image\/","url":"https:\/\/www.solfesa.es\/wp-content\/uploads\/2023\/03\/cropped-logotip@2x-200x63-1-1.png","contentUrl":"https:\/\/www.solfesa.es\/wp-content\/uploads\/2023\/03\/cropped-logotip@2x-200x63-1-1.png","width":200,"height":63,"caption":"Solfesa"},"image":{"@id":"https:\/\/www.solfesa.es\/#\/schema\/logo\/image\/"}}]}},"_links":{"self":[{"href":"https:\/\/www.solfesa.es\/ca\/wp-json\/wp\/v2\/pages\/997","targetHints":{"allow":["GET"]}}],"collection":[{"href":"https:\/\/www.solfesa.es\/ca\/wp-json\/wp\/v2\/pages"}],"about":[{"href":"https:\/\/www.solfesa.es\/ca\/wp-json\/wp\/v2\/types\/page"}],"author":[{"embeddable":true,"href":"https:\/\/www.solfesa.es\/ca\/wp-json\/wp\/v2\/users\/1"}],"replies":[{"embeddable":true,"href":"https:\/\/www.solfesa.es\/ca\/wp-json\/wp\/v2\/comments?post=997"}],"version-history":[{"count":111,"href":"https:\/\/www.solfesa.es\/ca\/wp-json\/wp\/v2\/pages\/997\/revisions"}],"predecessor-version":[{"id":3905,"href":"https:\/\/www.solfesa.es\/ca\/wp-json\/wp\/v2\/pages\/997\/revisions\/3905"}],"wp:attachment":[{"href":"https:\/\/www.solfesa.es\/ca\/wp-json\/wp\/v2\/media?parent=997"}],"curies":[{"name":"wp","href":"https:\/\/api.w.org\/{rel}","templated":true}]}}