{"id":989,"date":"2023-05-19T11:56:19","date_gmt":"2023-05-19T11:56:19","guid":{"rendered":"https:\/\/www.solfesa.es\/contacto\/"},"modified":"2024-07-24T09:23:50","modified_gmt":"2024-07-24T09:23:50","slug":"contacte-solfesa-posat-en-contacte-amb-nosaltres","status":"publish","type":"page","link":"https:\/\/www.solfesa.es\/ca\/contacte-solfesa-posat-en-contacte-amb-nosaltres\/","title":{"rendered":"Contacte"},"content":{"rendered":"\t\t<div data-elementor-type=\"wp-page\" data-elementor-id=\"989\" class=\"elementor elementor-989 elementor-571\" data-elementor-post-type=\"page\">\n\t\t\t\t\t\t<section class=\"elementor-section elementor-top-section elementor-element elementor-element-29d8e4bf elementor-section-boxed elementor-section-height-default elementor-section-height-default elementor-invisible\" data-id=\"29d8e4bf\" data-element_type=\"section\" data-e-type=\"section\" data-settings=\"{&quot;animation&quot;:&quot;fadeIn&quot;}\">\n\t\t\t\t\t\t<div class=\"elementor-container elementor-column-gap-default\">\n\t\t\t\t\t<div class=\"elementor-column elementor-col-50 elementor-top-column elementor-element elementor-element-3b1d78c0\" data-id=\"3b1d78c0\" data-element_type=\"column\" data-e-type=\"column\">\n\t\t\t<div class=\"elementor-widget-wrap elementor-element-populated\">\n\t\t\t\t\t\t<div class=\"elementor-element elementor-element-2218f364 elementor-widget elementor-widget-heading\" data-id=\"2218f364\" data-element_type=\"widget\" data-e-type=\"widget\" data-widget_type=\"heading.default\">\n\t\t\t\t<div class=\"elementor-widget-container\">\n\t\t\t\t\t<h6 class=\"elementor-heading-title elementor-size-default\">Contacta amb nosaltres <\/h6>\t\t\t\t<\/div>\n\t\t\t\t<\/div>\n\t\t\t\t<div class=\"elementor-element elementor-element-17d643cf elementor-widget elementor-widget-heading\" data-id=\"17d643cf\" data-element_type=\"widget\" data-e-type=\"widget\" data-widget_type=\"heading.default\">\n\t\t\t\t<div class=\"elementor-widget-container\">\n\t\t\t\t\t<h1 class=\"elementor-heading-title elementor-size-default\">Un equip de professionals sempre disponibles per a tu <\/h1>\t\t\t\t<\/div>\n\t\t\t\t<\/div>\n\t\t\t\t<div class=\"elementor-element elementor-element-439b3e9c elementor-widget elementor-widget-text-editor\" data-id=\"439b3e9c\" data-element_type=\"widget\" data-e-type=\"widget\" data-widget_type=\"text-editor.default\">\n\t\t\t\t<div class=\"elementor-widget-container\">\n\t\t\t\t\t\t\t\t\t<span class=\"TextRun SCXW198470271 BCX0\" lang=\"ES-ES\" data-contrast=\"auto\" xml:lang=\"ES-ES\"><span class=\"NormalTextRun SpellingErrorV2Themed SCXW198470271 BCX0\">Solfesa<\/span> <span class=\"NormalTextRun SCXW198470271 BCX0\">\u00e9s el prove\u00efdor ideal per a<\/span> <span class=\"NormalTextRun SCXW198470271 BCX0\">tothom<\/span><span class=\"NormalTextRun SCXW198470271 BCX0\"> els teus esdeveniments. Si vols saber com podem ajudar-te o  <\/span><span class=\"NormalTextRun SCXW198470271 BCX0\">con\u00e8ixer <\/span><span class=\"NormalTextRun SCXW198470271 BCX0\">m\u00e9s <\/span><span class=\"NormalTextRun SCXW198470271 BCX0\">sobre algun<\/span> <span class=\"NormalTextRun SCXW198470271 BCX0\">dels<\/span> <span class=\"NormalTextRun SCXW198470271 BCX0\">nostres serveis<\/span>, <\/span><span class=\"TextRun MacChromeBold SCXW198470271 BCX0\" lang=\"ES-ES\" data-contrast=\"auto\"><span class=\"NormalTextRun SCXW198470271 BCX0\">truca&#8217;ns <\/span><\/span><span class=\"TextRun SCXW198470271 BCX0\" lang=\"ES-ES\" data-contrast=\"auto\"><span class=\"NormalTextRun SCXW198470271 BCX0\">o<\/span><\/span><span class=\"TextRun MacChromeBold SCXW198470271 BCX0\" lang=\"ES-ES\" data-contrast=\"auto\"><span class=\"NormalTextRun SCXW198470271 BCX0\"> escriu-nos<\/span><\/span><span class=\"TextRun SCXW198470271 BCX0\" lang=\"ES-ES\" data-contrast=\"auto\" xml:lang=\"ES-ES\"><span class=\"NormalTextRun SCXW198470271 BCX0\"> mitjan\u00e7ant aquest formulari. Un dels nostres experts es posar\u00e0 en contacte amb tu el m\u00e9s aviat possible <\/span><span class=\"NormalTextRun SCXW198470271 BCX0\">.<\/span><\/span><span class=\"EOP SCXW198470271 BCX0\" data-ccp-props=\"{\"201341983\":0,\"335551550\":6,\"335551620\":6,\"335559738\":240,\"335559739\":160,\"335559740\":259}\"> <\/span>\n\t\t\t\t\t\t\t\t<\/div>\n\t\t\t\t<\/div>\n\t\t\t\t<div class=\"elementor-element elementor-element-dfab4d4 ekit-equal-height-disable elementor-widget elementor-widget-elementskit-icon-box\" data-id=\"dfab4d4\" data-element_type=\"widget\" data-e-type=\"widget\" data-widget_type=\"elementskit-icon-box.default\">\n\t\t\t\t<div class=\"elementor-widget-container\">\n\t\t\t\t\t<div class=\"ekit-wid-con\" >        <!-- link opening -->\n                <a href=\"tel:%2093%20720%2055%2085\" class=\"ekit_global_links\">\n                <!-- end link opening -->\n\n        <div class=\"elementskit-infobox text-left text-left icon-lef-right-aligin elementor-animation- media  \">\n                    <div class=\"elementskit-box-header elementor-animation-\">\n                <div class=\"elementskit-info-box-icon  text-center\">\n                    <i aria-hidden=\"true\" class=\"elementkit-infobox-icon fas fa-phone-alt\"><\/i>\n                <\/div>\n          <\/div>\n                        <div class=\"box-body\">\n                            <div class=\"elementskit-info-box-title\">\n                    Tel\u00e8fon                <\/div>\n                        \t\t  \t<p>+34 93 720 55 85  <\/p>\n                                <\/div>\n        \n        \n                <\/div>\n                <\/a>\n        <\/div>\t\t\t\t<\/div>\n\t\t\t\t<\/div>\n\t\t\t\t<div class=\"elementor-element elementor-element-59b10f4 ekit-equal-height-disable elementor-widget elementor-widget-elementskit-icon-box\" data-id=\"59b10f4\" data-element_type=\"widget\" data-e-type=\"widget\" data-widget_type=\"elementskit-icon-box.default\">\n\t\t\t\t<div class=\"elementor-widget-container\">\n\t\t\t\t\t<div class=\"ekit-wid-con\" >        <!-- link opening -->\n                <!-- end link opening -->\n\n        <div class=\"elementskit-infobox text-left text-left icon-lef-right-aligin elementor-animation- media  \">\n                    <div class=\"elementskit-box-header elementor-animation-\">\n                <div class=\"elementskit-info-box-icon  text-center\">\n                    <i aria-hidden=\"true\" class=\"elementkit-infobox-icon fas fa-map-marker-alt\"><\/i>\n                <\/div>\n          <\/div>\n                        <div class=\"box-body\">\n                            <div class=\"elementskit-info-box-title\">\n                    Ubicaci\u00f3                <\/div>\n                        \t\t  \t<p>Carrer Bernat Metge, 146 \u2013 08205, Sabadell <\/p>\n                                <\/div>\n        \n        \n                <\/div>\n        <\/div>\t\t\t\t<\/div>\n\t\t\t\t<\/div>\n\t\t\t\t<div class=\"elementor-element elementor-element-f053b75 ekit-equal-height-disable elementor-widget elementor-widget-elementskit-icon-box\" data-id=\"f053b75\" data-element_type=\"widget\" data-e-type=\"widget\" data-widget_type=\"elementskit-icon-box.default\">\n\t\t\t\t<div class=\"elementor-widget-container\">\n\t\t\t\t\t<div class=\"ekit-wid-con\" >        <!-- link opening -->\n                <a href=\"\" class=\"ekit_global_links\">\n                <!-- end link opening -->\n\n        <div class=\"elementskit-infobox text-left text-left icon-lef-right-aligin elementor-animation- media  \">\n                    <div class=\"elementskit-box-header elementor-animation-\">\n                <div class=\"elementskit-info-box-icon  text-center\">\n                    <i aria-hidden=\"true\" class=\"elementkit-infobox-icon fas fa-envelope\"><\/i>\n                <\/div>\n          <\/div>\n                        <div class=\"box-body\">\n                            <div class=\"elementskit-info-box-title\">\n                    Correu electr\u00f2nic                <\/div>\n                        \t\t  \t<p>solfesa@solfesa.es <\/p>\n                                <\/div>\n        \n        \n                <\/div>\n                <\/a>\n        <\/div>\t\t\t\t<\/div>\n\t\t\t\t<\/div>\n\t\t\t\t\t<\/div>\n\t\t<\/div>\n\t\t\t\t<div class=\"elementor-column elementor-col-50 elementor-top-column elementor-element elementor-element-5ebc2fef\" data-id=\"5ebc2fef\" data-element_type=\"column\" data-e-type=\"column\">\n\t\t\t<div class=\"elementor-widget-wrap elementor-element-populated\">\n\t\t\t\t\t\t<div class=\"elementor-element elementor-element-128c846f elementor-button-align-stretch elementor-widget elementor-widget-form\" data-id=\"128c846f\" data-element_type=\"widget\" data-e-type=\"widget\" data-settings=\"{&quot;step_next_label&quot;:&quot;Pr\\u00f2xim&quot;,&quot;step_previous_label&quot;:&quot;Anterior&quot;,&quot;button_width&quot;:&quot;100&quot;,&quot;step_type&quot;:&quot;number_text&quot;,&quot;step_icon_shape&quot;:&quot;circle&quot;}\" data-widget_type=\"form.default\">\n\t\t\t\t<div class=\"elementor-widget-container\">\n\t\t\t\t\t\t\t<form class=\"elementor-form\" method=\"post\" name=\"Formulari nou\" aria-label=\"Formulari nou\">\n\t\t\t<input type=\"hidden\" name=\"post_id\" value=\"989\"\/>\n\t\t\t<input type=\"hidden\" name=\"form_id\" value=\"128c846f\"\/>\n\t\t\t<input type=\"hidden\" name=\"referer_title\" value=\"Solfesa\" \/>\n\n\t\t\t\n\t\t\t<div class=\"elementor-form-fields-wrapper elementor-labels-above\">\n\t\t\t\t\t\t\t\t<div class=\"elementor-field-type-text elementor-field-group elementor-column elementor-field-group-name elementor-col-50\">\n\t\t\t\t\t\t\t\t\t\t\t\t<label for=\"form-field-name\" class=\"elementor-field-label\">\n\t\t\t\t\t\t\t\tNom\t\t\t\t\t\t\t<\/label>\n\t\t\t\t\t\t\t\t\t\t\t\t\t\t<input size=\"1\" type=\"text\" name=\"form_fields[name]\" id=\"form-field-name\" class=\"elementor-field elementor-size-lg  elementor-field-textual\" placeholder=\"Nom\">\n\t\t\t\t\t\t\t\t\t\t\t<\/div>\n\t\t\t\t\t\t\t\t<div class=\"elementor-field-type-tel elementor-field-group elementor-column elementor-field-group-field_1f2507b elementor-col-50\">\n\t\t\t\t\t\t\t\t\t\t\t\t<label for=\"form-field-field_1f2507b\" class=\"elementor-field-label\">\n\t\t\t\t\t\t\t\tTel\u00e8fon\t\t\t\t\t\t\t<\/label>\n\t\t\t\t\t\t\t\t<input size=\"1\" type=\"tel\" name=\"form_fields[field_1f2507b]\" id=\"form-field-field_1f2507b\" class=\"elementor-field elementor-size-lg  elementor-field-textual\" placeholder=\"Tel\u00e8fon\" pattern=\"[0-9()#&amp;+*-=.]+\" title=\"Only numbers and phone characters (#, -, *, etc) are accepted.\">\n\n\t\t\t\t\t\t<\/div>\n\t\t\t\t\t\t\t\t<div class=\"elementor-field-type-email elementor-field-group elementor-column elementor-field-group-email elementor-col-100 elementor-field-required\">\n\t\t\t\t\t\t\t\t\t\t\t\t<label for=\"form-field-email\" class=\"elementor-field-label\">\n\t\t\t\t\t\t\t\tCorreu electr\u00f2nic\t\t\t\t\t\t\t<\/label>\n\t\t\t\t\t\t\t\t\t\t\t\t\t\t<input size=\"1\" type=\"email\" name=\"form_fields[email]\" id=\"form-field-email\" class=\"elementor-field elementor-size-lg  elementor-field-textual\" placeholder=\"Correu electr\u00f2nic\" required=\"required\">\n\t\t\t\t\t\t\t\t\t\t\t<\/div>\n\t\t\t\t\t\t\t\t<div class=\"elementor-field-type-text elementor-field-group elementor-column elementor-field-group-field_9490bb9 elementor-col-100 elementor-field-required\">\n\t\t\t\t\t\t\t\t\t\t\t\t<label for=\"form-field-field_9490bb9\" class=\"elementor-field-label\">\n\t\t\t\t\t\t\t\tAssumpte\t\t\t\t\t\t\t<\/label>\n\t\t\t\t\t\t\t\t\t\t\t\t\t\t<input size=\"1\" type=\"text\" name=\"form_fields[field_9490bb9]\" id=\"form-field-field_9490bb9\" class=\"elementor-field elementor-size-lg  elementor-field-textual\" placeholder=\"Assumpte\" required=\"required\">\n\t\t\t\t\t\t\t\t\t\t\t<\/div>\n\t\t\t\t\t\t\t\t<div class=\"elementor-field-type-textarea elementor-field-group elementor-column elementor-field-group-message elementor-col-100\">\n\t\t\t\t\t\t\t\t\t\t\t\t<label for=\"form-field-message\" class=\"elementor-field-label\">\n\t\t\t\t\t\t\t\tMissatge\t\t\t\t\t\t\t<\/label>\n\t\t\t\t\t\t<textarea class=\"elementor-field-textual elementor-field  elementor-size-lg\" name=\"form_fields[message]\" id=\"form-field-message\" rows=\"4\" placeholder=\"Missatge\"><\/textarea>\t\t\t\t<\/div>\n\t\t\t\t\t\t\t\t<div class=\"elementor-field-type-recaptcha_v3 elementor-field-group elementor-column elementor-field-group-field_b139579 elementor-col-100 recaptcha_v3-bottomright\">\n\t\t\t\t\t<div class=\"elementor-field\" id=\"form-field-field_b139579\"><div class=\"elementor-g-recaptcha\" data-sitekey=\"6LdvooImAAAAAPFtfpTE70Ru7xdN31om5plwdaJs\" data-type=\"v3\" data-action=\"Form\" data-badge=\"bottomright\" data-size=\"invisible\"><\/div><\/div>\t\t\t\t<\/div>\n\t\t\t\t\t\t\t\t<div class=\"elementor-field-type-acceptance elementor-field-group elementor-column elementor-field-group-field_05543f9 elementor-col-100 elementor-field-required\">\n\t\t\t\t\t\t\t<div class=\"elementor-field-subgroup\">\n\t\t\t<span class=\"elementor-field-option\">\n\t\t\t\t<input type=\"checkbox\" name=\"form_fields[field_05543f9]\" id=\"form-field-field_05543f9\" class=\"elementor-field elementor-size-lg  elementor-acceptance-field\" required=\"required\">\n\t\t\t\t<label for=\"form-field-field_05543f9\">Confirmo que he llegit i accepto els termes inclosos en la <a href=\"https:\/\/www.solfesa.es\/ca\/politica-de-privacitat\/\" target=\"_blank\"> Pol\u00edtica de privacitat i protecci\u00f3 de dades.<\/label>\t\t\t<\/span>\n\t\t<\/div>\n\t\t\t\t\t\t<\/div>\n\t\t\t\t\t\t\t\t<div class=\"elementor-field-group elementor-column elementor-field-type-submit elementor-col-100 e-form__buttons\">\n\t\t\t\t\t<button class=\"elementor-button elementor-size-lg\" type=\"submit\">\n\t\t\t\t\t\t<span class=\"elementor-button-content-wrapper\">\n\t\t\t\t\t\t\t\t\t\t\t\t\t\t\t<span class=\"elementor-button-icon\">\n\t\t\t\t\t\t\t\t\t<i aria-hidden=\"true\" class=\"far fa-envelope\"><\/i>\t\t\t\t\t\t\t\t\t\t\t\t\t\t\t\t\t<\/span>\n\t\t\t\t\t\t\t\t\t\t\t\t\t\t\t\t\t\t\t\t\t\t<span class=\"elementor-button-text\">Enviar<\/span>\n\t\t\t\t\t\t\t\t\t\t\t\t\t<\/span>\n\t\t\t\t\t<\/button>\n\t\t\t\t<\/div>\n\t\t\t<\/div>\n\t\t<\/form>\n\t\t\t\t\t\t<\/div>\n\t\t\t\t<\/div>\n\t\t\t\t\t<\/div>\n\t\t<\/div>\n\t\t\t\t\t<\/div>\n\t\t<\/section>\n\t\t\t\t<\/div>\n\t\t","protected":false},"excerpt":{"rendered":"<p>Contacta amb nosaltres Un equip de professionals sempre disponibles per a tu Solfesa \u00e9s el prove\u00efdor ideal per a tothom els teus esdeveniments. Si vols saber com podem ajudar-te o con\u00e8ixer m\u00e9s sobre algun dels nostres serveis, truca&#8217;ns o escriu-nos mitjan\u00e7ant aquest formulari. Un dels nostres experts es posar\u00e0 en contacte amb tu el m\u00e9s [&hellip;]<\/p>\n","protected":false},"author":1,"featured_media":0,"parent":0,"menu_order":0,"comment_status":"closed","ping_status":"closed","template":"elementor_header_footer","meta":{"_eb_attr":"","site-sidebar-layout":"no-sidebar","site-content-layout":"page-builder","ast-site-content-layout":"full-width-container","site-content-style":"unboxed","site-sidebar-style":"unboxed","ast-global-header-display":"","ast-banner-title-visibility":"","ast-main-header-display":"","ast-hfb-above-header-display":"","ast-hfb-below-header-display":"","ast-hfb-mobile-header-display":"","site-post-title":"disabled","ast-breadcrumbs-content":"","ast-featured-img":"disabled","footer-sml-layout":"","theme-transparent-header-meta":"","adv-header-id-meta":"","stick-header-meta":"","header-above-stick-meta":"","header-main-stick-meta":"","header-below-stick-meta":"","astra-migrate-meta-layouts":"set","ast-page-background-enabled":"default","ast-page-background-meta":{"desktop":{"background-color":"var(--ast-global-color-4)","background-image":"","background-repeat":"repeat","background-position":"center center","background-size":"auto","background-attachment":"scroll","background-type":"","background-media":"","overlay-type":"","overlay-color":"","overlay-opacity":"","overlay-gradient":""},"tablet":{"background-color":"","background-image":"","background-repeat":"repeat","background-position":"center center","background-size":"auto","background-attachment":"scroll","background-type":"","background-media":"","overlay-type":"","overlay-color":"","overlay-opacity":"","overlay-gradient":""},"mobile":{"background-color":"","background-image":"","background-repeat":"repeat","background-position":"center center","background-size":"auto","background-attachment":"scroll","background-type":"","background-media":"","overlay-type":"","overlay-color":"","overlay-opacity":"","overlay-gradient":""}},"ast-content-background-meta":{"desktop":{"background-color":"var(--ast-global-color-5)","background-image":"","background-repeat":"repeat","background-position":"center center","background-size":"auto","background-attachment":"scroll","background-type":"","background-media":"","overlay-type":"","overlay-color":"","overlay-opacity":"","overlay-gradient":""},"tablet":{"background-color":"var(--ast-global-color-5)","background-image":"","background-repeat":"repeat","background-position":"center center","background-size":"auto","background-attachment":"scroll","background-type":"","background-media":"","overlay-type":"","overlay-color":"","overlay-opacity":"","overlay-gradient":""},"mobile":{"background-color":"var(--ast-global-color-5)","background-image":"","background-repeat":"repeat","background-position":"center center","background-size":"auto","background-attachment":"scroll","background-type":"","background-media":"","overlay-type":"","overlay-color":"","overlay-opacity":"","overlay-gradient":""}},"footnotes":""},"class_list":["post-989","page","type-page","status-publish","hentry"],"yoast_head":"<!-- This site is optimized with the Yoast SEO plugin v27.3 - https:\/\/yoast.com\/product\/yoast-seo-wordpress\/ -->\n<title>Contacte - Solfesa<\/title>\n<meta name=\"description\" content=\"Contacte. Solfesa. Posa&#039;t en contacte amb nosaltres. Producci\u00f3 t\u00e8cnica, art\u00edstica i infraestructures per a esdeveniments a Barcelona.\" \/>\n<meta name=\"robots\" content=\"index, follow, max-snippet:-1, max-image-preview:large, max-video-preview:-1\" \/>\n<link rel=\"canonical\" href=\"https:\/\/www.solfesa.es\/ca\/contacte-solfesa-posat-en-contacte-amb-nosaltres\/\" \/>\n<meta property=\"og:locale\" content=\"ca_ES\" \/>\n<meta property=\"og:type\" content=\"article\" \/>\n<meta property=\"og:title\" content=\"Contacte - Solfesa\" \/>\n<meta property=\"og:description\" content=\"Contacte. Solfesa. Posa&#039;t en contacte amb nosaltres. Producci\u00f3 t\u00e8cnica, art\u00edstica i infraestructures per a esdeveniments a Barcelona.\" \/>\n<meta property=\"og:url\" content=\"https:\/\/www.solfesa.es\/ca\/contacte-solfesa-posat-en-contacte-amb-nosaltres\/\" \/>\n<meta property=\"og:site_name\" content=\"Solfesa\" \/>\n<meta property=\"article:modified_time\" content=\"2024-07-24T09:23:50+00:00\" \/>\n<meta name=\"twitter:card\" content=\"summary_large_image\" \/>\n<meta name=\"twitter:label1\" content=\"Temps estimat de lectura\" \/>\n\t<meta name=\"twitter:data1\" content=\"1 minut\" \/>\n<script type=\"application\/ld+json\" class=\"yoast-schema-graph\">{\"@context\":\"https:\\\/\\\/schema.org\",\"@graph\":[{\"@type\":\"WebPage\",\"@id\":\"https:\\\/\\\/www.solfesa.es\\\/ca\\\/contacte-solfesa-posat-en-contacte-amb-nosaltres\\\/\",\"url\":\"https:\\\/\\\/www.solfesa.es\\\/ca\\\/contacte-solfesa-posat-en-contacte-amb-nosaltres\\\/\",\"name\":\"Contacte - Solfesa\",\"isPartOf\":{\"@id\":\"https:\\\/\\\/www.solfesa.es\\\/#website\"},\"datePublished\":\"2023-05-19T11:56:19+00:00\",\"dateModified\":\"2024-07-24T09:23:50+00:00\",\"description\":\"Contacte. Solfesa. Posa't en contacte amb nosaltres. Producci\u00f3 t\u00e8cnica, art\u00edstica i infraestructures per a esdeveniments a Barcelona.\",\"breadcrumb\":{\"@id\":\"https:\\\/\\\/www.solfesa.es\\\/ca\\\/contacte-solfesa-posat-en-contacte-amb-nosaltres\\\/#breadcrumb\"},\"inLanguage\":\"ca\",\"potentialAction\":[{\"@type\":\"ReadAction\",\"target\":[\"https:\\\/\\\/www.solfesa.es\\\/ca\\\/contacte-solfesa-posat-en-contacte-amb-nosaltres\\\/\"]}]},{\"@type\":\"BreadcrumbList\",\"@id\":\"https:\\\/\\\/www.solfesa.es\\\/ca\\\/contacte-solfesa-posat-en-contacte-amb-nosaltres\\\/#breadcrumb\",\"itemListElement\":[{\"@type\":\"ListItem\",\"position\":1,\"name\":\"Portada\",\"item\":\"https:\\\/\\\/www.solfesa.es\\\/ca\\\/inici\\\/\"},{\"@type\":\"ListItem\",\"position\":2,\"name\":\"Contacte\"}]},{\"@type\":\"WebSite\",\"@id\":\"https:\\\/\\\/www.solfesa.es\\\/#website\",\"url\":\"https:\\\/\\\/www.solfesa.es\\\/\",\"name\":\"Solfesa\",\"description\":\"Solfesa\",\"publisher\":{\"@id\":\"https:\\\/\\\/www.solfesa.es\\\/#organization\"},\"potentialAction\":[{\"@type\":\"SearchAction\",\"target\":{\"@type\":\"EntryPoint\",\"urlTemplate\":\"https:\\\/\\\/www.solfesa.es\\\/?s={search_term_string}\"},\"query-input\":{\"@type\":\"PropertyValueSpecification\",\"valueRequired\":true,\"valueName\":\"search_term_string\"}}],\"inLanguage\":\"ca\"},{\"@type\":\"Organization\",\"@id\":\"https:\\\/\\\/www.solfesa.es\\\/#organization\",\"name\":\"Solfesa\",\"url\":\"https:\\\/\\\/www.solfesa.es\\\/\",\"logo\":{\"@type\":\"ImageObject\",\"inLanguage\":\"ca\",\"@id\":\"https:\\\/\\\/www.solfesa.es\\\/#\\\/schema\\\/logo\\\/image\\\/\",\"url\":\"https:\\\/\\\/www.solfesa.es\\\/wp-content\\\/uploads\\\/2023\\\/03\\\/cropped-logotip@2x-200x63-1-1.png\",\"contentUrl\":\"https:\\\/\\\/www.solfesa.es\\\/wp-content\\\/uploads\\\/2023\\\/03\\\/cropped-logotip@2x-200x63-1-1.png\",\"width\":200,\"height\":63,\"caption\":\"Solfesa\"},\"image\":{\"@id\":\"https:\\\/\\\/www.solfesa.es\\\/#\\\/schema\\\/logo\\\/image\\\/\"}}]}<\/script>\n<!-- \/ Yoast SEO plugin. -->","yoast_head_json":{"title":"Contacte - Solfesa","description":"Contacte. Solfesa. Posa't en contacte amb nosaltres. Producci\u00f3 t\u00e8cnica, art\u00edstica i infraestructures per a esdeveniments a Barcelona.","robots":{"index":"index","follow":"follow","max-snippet":"max-snippet:-1","max-image-preview":"max-image-preview:large","max-video-preview":"max-video-preview:-1"},"canonical":"https:\/\/www.solfesa.es\/ca\/contacte-solfesa-posat-en-contacte-amb-nosaltres\/","og_locale":"ca_ES","og_type":"article","og_title":"Contacte - Solfesa","og_description":"Contacte. Solfesa. Posa't en contacte amb nosaltres. Producci\u00f3 t\u00e8cnica, art\u00edstica i infraestructures per a esdeveniments a Barcelona.","og_url":"https:\/\/www.solfesa.es\/ca\/contacte-solfesa-posat-en-contacte-amb-nosaltres\/","og_site_name":"Solfesa","article_modified_time":"2024-07-24T09:23:50+00:00","twitter_card":"summary_large_image","twitter_misc":{"Temps estimat de lectura":"1 minut"},"schema":{"@context":"https:\/\/schema.org","@graph":[{"@type":"WebPage","@id":"https:\/\/www.solfesa.es\/ca\/contacte-solfesa-posat-en-contacte-amb-nosaltres\/","url":"https:\/\/www.solfesa.es\/ca\/contacte-solfesa-posat-en-contacte-amb-nosaltres\/","name":"Contacte - Solfesa","isPartOf":{"@id":"https:\/\/www.solfesa.es\/#website"},"datePublished":"2023-05-19T11:56:19+00:00","dateModified":"2024-07-24T09:23:50+00:00","description":"Contacte. Solfesa. Posa't en contacte amb nosaltres. Producci\u00f3 t\u00e8cnica, art\u00edstica i infraestructures per a esdeveniments a Barcelona.","breadcrumb":{"@id":"https:\/\/www.solfesa.es\/ca\/contacte-solfesa-posat-en-contacte-amb-nosaltres\/#breadcrumb"},"inLanguage":"ca","potentialAction":[{"@type":"ReadAction","target":["https:\/\/www.solfesa.es\/ca\/contacte-solfesa-posat-en-contacte-amb-nosaltres\/"]}]},{"@type":"BreadcrumbList","@id":"https:\/\/www.solfesa.es\/ca\/contacte-solfesa-posat-en-contacte-amb-nosaltres\/#breadcrumb","itemListElement":[{"@type":"ListItem","position":1,"name":"Portada","item":"https:\/\/www.solfesa.es\/ca\/inici\/"},{"@type":"ListItem","position":2,"name":"Contacte"}]},{"@type":"WebSite","@id":"https:\/\/www.solfesa.es\/#website","url":"https:\/\/www.solfesa.es\/","name":"Solfesa","description":"Solfesa","publisher":{"@id":"https:\/\/www.solfesa.es\/#organization"},"potentialAction":[{"@type":"SearchAction","target":{"@type":"EntryPoint","urlTemplate":"https:\/\/www.solfesa.es\/?s={search_term_string}"},"query-input":{"@type":"PropertyValueSpecification","valueRequired":true,"valueName":"search_term_string"}}],"inLanguage":"ca"},{"@type":"Organization","@id":"https:\/\/www.solfesa.es\/#organization","name":"Solfesa","url":"https:\/\/www.solfesa.es\/","logo":{"@type":"ImageObject","inLanguage":"ca","@id":"https:\/\/www.solfesa.es\/#\/schema\/logo\/image\/","url":"https:\/\/www.solfesa.es\/wp-content\/uploads\/2023\/03\/cropped-logotip@2x-200x63-1-1.png","contentUrl":"https:\/\/www.solfesa.es\/wp-content\/uploads\/2023\/03\/cropped-logotip@2x-200x63-1-1.png","width":200,"height":63,"caption":"Solfesa"},"image":{"@id":"https:\/\/www.solfesa.es\/#\/schema\/logo\/image\/"}}]}},"_links":{"self":[{"href":"https:\/\/www.solfesa.es\/ca\/wp-json\/wp\/v2\/pages\/989","targetHints":{"allow":["GET"]}}],"collection":[{"href":"https:\/\/www.solfesa.es\/ca\/wp-json\/wp\/v2\/pages"}],"about":[{"href":"https:\/\/www.solfesa.es\/ca\/wp-json\/wp\/v2\/types\/page"}],"author":[{"embeddable":true,"href":"https:\/\/www.solfesa.es\/ca\/wp-json\/wp\/v2\/users\/1"}],"replies":[{"embeddable":true,"href":"https:\/\/www.solfesa.es\/ca\/wp-json\/wp\/v2\/comments?post=989"}],"version-history":[{"count":32,"href":"https:\/\/www.solfesa.es\/ca\/wp-json\/wp\/v2\/pages\/989\/revisions"}],"predecessor-version":[{"id":3495,"href":"https:\/\/www.solfesa.es\/ca\/wp-json\/wp\/v2\/pages\/989\/revisions\/3495"}],"wp:attachment":[{"href":"https:\/\/www.solfesa.es\/ca\/wp-json\/wp\/v2\/media?parent=989"}],"curies":[{"name":"wp","href":"https:\/\/api.w.org\/{rel}","templated":true}]}}